{"id":340822,"date":"2025-08-19T10:17:36","date_gmt":"2025-08-19T08:17:36","guid":{"rendered":"https:\/\/www.impactarte.es\/?page_id=340822"},"modified":"2025-08-19T10:37:05","modified_gmt":"2025-08-19T08:37:05","slug":"pentatone","status":"publish","type":"page","link":"https:\/\/www.impactarte.es\/en\/pentatone\/","title":{"rendered":"Pentatone"},"content":{"rendered":"<p>[et_pb_section fb_built=\u00bb1&#8243; admin_label=\u00bbHeader\u00bb _builder_version=\u00bb4.22.0&#8243; _module_preset=\u00bbdefault\u00bb background_enable_color=\u00bboff\u00bb custom_margin=\u00bb||||false|false\u00bb custom_padding=\u00bb0px||0px||false|false\u00bb locked=\u00bboff\u00bb collapsed=\u00bboff\u00bb global_colors_info=\u00bb{}\u00bb][et_pb_row column_structure=\u00bb1_2,1_2&#8243; use_custom_gutter=\u00bbon\u00bb gutter_width=\u00bb1&#8243; make_equal=\u00bbon\u00bb _builder_version=\u00bb4.23.1&#8243; _module_preset=\u00bbdefault\u00bb background_color=\u00bbRGBA(255,255,255,0)\u00bb background_image=\u00bbhttps:\/\/www.impactarte.es\/wp-content\/uploads\/jewelry-designer-54.png\u00bb background_size=\u00bbcontain\u00bb background_position=\u00bbtop_center\u00bb width=\u00bb100%\u00bb max_width=\u00bb100%\u00bb custom_margin=\u00bb0px||||false|false\u00bb custom_padding=\u00bb0px||0px||false|false\u00bb global_colors_info=\u00bb{}\u00bb][et_pb_column type=\u00bb1_2&#8243; _builder_version=\u00bb4.22.0&#8243; _module_preset=\u00bbdefault\u00bb background_enable_color=\u00bboff\u00bb background_enable_image=\u00bboff\u00bb background_blend=\u00bboverlay\u00bb custom_padding=\u00bb8%|4%|8%|4%|true|true\u00bb custom_padding_tablet=\u00bb14%|8%|14%|8%|true|true\u00bb custom_padding_phone=\u00bb8%||8%||true|true\u00bb custom_padding_last_edited=\u00bbon|desktop\u00bb background_color_tablet=\u00bbrgba(0,0,0,0.6)\u00bb background_last_edited=\u00bbon|phone\u00bb background_enable_color_tablet=\u00bbon\u00bb background_image_tablet=\u00bbhttps:\/\/www.impactarte.es\/wp-content\/uploads\/universal-music-spain.webp\u00bb background_image_phone=\u00bbhttps:\/\/www.impactarte.es\/wp-content\/uploads\/universal-music-spain.webp\u00bb background_enable_image_tablet=\u00bbon\u00bb background_enable_image_phone=\u00bbon\u00bb background_position_tablet=\u00bbcenter\u00bb global_colors_info=\u00bb{}\u00bb][et_pb_text _builder_version=\u00bb4.22.0&#8243; _module_preset=\u00bbc16985e1-e0d6-4022-964d-e2bfc04fa633&#8243; header_font=\u00bb|800|||||||\u00bb header_text_align=\u00bbleft\u00bb header_text_color=\u00bb#000000&#8243; header_font_size=\u00bb80px\u00bb header_line_height=\u00bb1.3em\u00bb text_orientation=\u00bbcenter\u00bb custom_margin=\u00bb8px||30px||false|false\u00bb custom_margin_tablet=\u00bb0px||||false|false\u00bb custom_margin_phone=\u00bb0px||||false|false\u00bb custom_margin_last_edited=\u00bbon|phone\u00bb custom_padding=\u00bb||28px||false|false\u00bb header_text_color_tablet=\u00bb#FFFFFF\u00bb header_text_color_phone=\u00bb#FFFFFF\u00bb header_text_color_last_edited=\u00bbon|phone\u00bb header_font_size_tablet=\u00bb50px\u00bb header_font_size_phone=\u00bb26px\u00bb header_font_size_last_edited=\u00bbon|phone\u00bb global_colors_info=\u00bb{}\u00bb]<\/p>\n<h1><span>Pentatone<\/span><\/h1>\n<p>[\/et_pb_text][\/et_pb_column][et_pb_column type=\u00bb1_2&#8243; disabled_on=\u00bbon|on|off\u00bb _builder_version=\u00bb4.23.1&#8243; _module_preset=\u00bbdefault\u00bb background_enable_color=\u00bboff\u00bb background_image=\u00bbhttps:\/\/www.impactarte.es\/wp-content\/uploads\/DSC_2701-ClarissaLapollaph-scaled-1-e1755591328714.jpg\u00bb background_position=\u00bbtop_left\u00bb background_blend=\u00bboverlay\u00bb custom_padding=\u00bb8%|4%|8%|4%|true|true\u00bb custom_padding_tablet=\u00bb8%|8%|8%|8%|true|true\u00bb custom_padding_phone=\u00bb8%||8%||true|true\u00bb custom_padding_last_edited=\u00bbon|desktop\u00bb background_last_edited=\u00bbon|phone\u00bb global_colors_info=\u00bb{}\u00bb][\/et_pb_column][\/et_pb_row][\/et_pb_section][et_pb_section fb_built=\u00bb1&#8243; admin_label=\u00bbAbout\u00bb _builder_version=\u00bb4.22.0&#8243; _module_preset=\u00bbdefault\u00bb background_color=\u00bb#f9f9f9&#8243; custom_padding=\u00bb||3px|||\u00bb collapsed=\u00bbon\u00bb global_colors_info=\u00bb{}\u00bb][et_pb_row _builder_version=\u00bb4.17.4&#8243; _module_preset=\u00bbdefault\u00bb global_colors_info=\u00bb{}\u00bb][et_pb_column type=\u00bb4_4&#8243; _builder_version=\u00bb4.17.4&#8243; _module_preset=\u00bbdefault\u00bb global_colors_info=\u00bb{}\u00bb][et_pb_image src=\u00bbhttps:\/\/www.impactarte.es\/wp-content\/uploads\/PENTATONE_HORIZONTAL_BLACK.png\u00bb title_text=\u00bbPENTATONE_HORIZONTAL_BLACK\u00bb align=\u00bbcenter\u00bb _builder_version=\u00bb4.23.1&#8243; _module_preset=\u00bbdefault\u00bb background_color=\u00bbRGBA(255,255,255,0)\u00bb width=\u00bb74%\u00bb width_tablet=\u00bb74%\u00bb width_phone=\u00bb74%\u00bb width_last_edited=\u00bbon|desktop\u00bb custom_padding=\u00bb15px||15px||true|false\u00bb global_colors_info=\u00bb{}\u00bb][\/et_pb_image][et_pb_text _builder_version=\u00bb4.23.1&#8243; _module_preset=\u00bb518880c8-46c7-4ffa-b5a6-93ffa99dcc17&#8243; text_font=\u00bbMontserrat||||||||\u00bb text_text_color=\u00bb#000000&#8243; text_line_height=\u00bb1.6em\u00bb text_orientation=\u00bbcenter\u00bb text_font_size_tablet=\u00bb14px\u00bb text_font_size_phone=\u00bb11px\u00bb text_font_size_last_edited=\u00bbon|phone\u00bb global_colors_info=\u00bb{}\u00bb]<\/p>\n<p>IMPACTA ha realizado el proyecto de comunicaci\u00f3n del \u00e1lbum <em>Signor Gaetano<\/em> del tenor Javier Camarena, publicado por la discogr\u00e1fica PENTATONE, uno de los sellos de m\u00fasica cl\u00e1sica m\u00e1s importantes del mundo, presenta una amplia gama de artistas de talla mundial y se dedica a producir grabaciones de primera calidad con un sonido excepcional.<\/p>\n<p>[\/et_pb_text][\/et_pb_column][\/et_pb_row][\/et_pb_section][et_pb_section fb_built=\u00bb1&#8243; admin_label=\u00bbArt\u00edstas\u00bb _builder_version=\u00bb4.22.0&#8243; _module_preset=\u00bbdefault\u00bb background_enable_color=\u00bboff\u00bb custom_padding=\u00bb||0px|||\u00bb locked=\u00bboff\u00bb collapsed=\u00bboff\u00bb global_colors_info=\u00bb{}\u00bb][et_pb_row column_structure=\u00bb1_2,1_2&#8243; use_custom_gutter=\u00bbon\u00bb module_id=\u00bb1&#8243; _builder_version=\u00bb4.22.0&#8243; _module_preset=\u00bbdefault\u00bb width=\u00bb90%\u00bb max_width=\u00bb90%\u00bb custom_padding=\u00bb38px|||||\u00bb global_colors_info=\u00bb{}\u00bb][et_pb_column type=\u00bb1_2&#8243; _builder_version=\u00bb4.22.0&#8243; _module_preset=\u00bbdefault\u00bb global_colors_info=\u00bb{}\u00bb][et_pb_blurb title=\u00bbJavier Camarena\u00bb image=\u00bbhttps:\/\/www.impactarte.es\/wp-content\/uploads\/PTC5186886-Signor-Gaetano-digicover-scaled.jpg\u00bb image_icon_width=\u00bb71%\u00bb icon_alignment=\u00bbleft\u00bb _builder_version=\u00bb4.23.1&#8243; _module_preset=\u00bbdefault\u00bb header_level=\u00bbh3&#8243; header_font=\u00bbMontserrat|600|||||||\u00bb header_font_size=\u00bb24px\u00bb hover_enabled=\u00bb0&#8243; header_font_size_tablet=\u00bb22px\u00bb header_font_size_phone=\u00bb20px\u00bb header_font_size_last_edited=\u00bbon|tablet\u00bb global_colors_info=\u00bb{}\u00bb header_text_color__hover_enabled=\u00bbon|hover\u00bb header_text_color__hover=\u00bb#EE3224&#8243; url=\u00bbhttps:\/\/www.impactarte.es\/pentatone-camarena\/\u00bb sticky_enabled=\u00bb0&#8243;][\/et_pb_blurb][\/et_pb_column][et_pb_column type=\u00bb1_2&#8243; _builder_version=\u00bb4.22.0&#8243; _module_preset=\u00bbdefault\u00bb global_colors_info=\u00bb{}\u00bb][\/et_pb_column][\/et_pb_row][\/et_pb_section]<\/p>","protected":false},"excerpt":{"rendered":"<p>PentatoneIMPACTA ha realizado el proyecto de comunicaci\u00f3n del \u00e1lbum Signor Gaetano del tenor Javier Camarena, publicado por la discogr\u00e1fica PENTATONE, uno de los sellos de m\u00fasica cl\u00e1sica m\u00e1s importantes del mundo, presenta una amplia gama de artistas de talla mundial y se dedica a producir grabaciones de primera calidad con un sonido excepcional.<\/p>","protected":false},"author":2,"featured_media":0,"parent":0,"menu_order":0,"comment_status":"closed","ping_status":"closed","template":"","meta":{"_et_pb_use_builder":"on","_et_pb_old_content":"","_et_gb_content_width":"","footnotes":""},"class_list":["post-340822","page","type-page","status-publish","hentry"],"_links":{"self":[{"href":"https:\/\/www.impactarte.es\/en\/wp-json\/wp\/v2\/pages\/340822","targetHints":{"allow":["GET"]}}],"collection":[{"href":"https:\/\/www.impactarte.es\/en\/wp-json\/wp\/v2\/pages"}],"about":[{"href":"https:\/\/www.impactarte.es\/en\/wp-json\/wp\/v2\/types\/page"}],"author":[{"embeddable":true,"href":"https:\/\/www.impactarte.es\/en\/wp-json\/wp\/v2\/users\/2"}],"replies":[{"embeddable":true,"href":"https:\/\/www.impactarte.es\/en\/wp-json\/wp\/v2\/comments?post=340822"}],"version-history":[{"count":4,"href":"https:\/\/www.impactarte.es\/en\/wp-json\/wp\/v2\/pages\/340822\/revisions"}],"predecessor-version":[{"id":340838,"href":"https:\/\/www.impactarte.es\/en\/wp-json\/wp\/v2\/pages\/340822\/revisions\/340838"}],"wp:attachment":[{"href":"https:\/\/www.impactarte.es\/en\/wp-json\/wp\/v2\/media?parent=340822"}],"curies":[{"name":"wp","href":"https:\/\/api.w.org\/{rel}","templated":true}]}}